{"id":41,"date":"2024-03-27T12:09:07","date_gmt":"2024-03-27T12:09:07","guid":{"rendered":"http:\/\/www.enpulse.media\/about-us\/"},"modified":"2024-04-10T10:59:39","modified_gmt":"2024-04-10T10:59:39","slug":"about-us","status":"publish","type":"page","link":"https:\/\/www.enpulse.media\/de\/about-us\/","title":{"rendered":"\u00dcber uns"},"content":{"rendered":"<div data-elementor-type=\"wp-page\" data-elementor-id=\"41\" class=\"elementor elementor-41\">\n\t\t\t\t<div class=\"elementor-element elementor-element-7fa2dc55 e-con-full e-flex e-con e-parent\" data-id=\"7fa2dc55\" data-element_type=\"container\">\n\t\t<div class=\"elementor-element elementor-element-11b0f0ce e-con-full e-flex e-con e-child\" data-id=\"11b0f0ce\" data-element_type=\"container\">\n\t\t<div class=\"elementor-element elementor-element-425aece2 e-con-full e-flex e-con e-child\" data-id=\"425aece2\" data-element_type=\"container\">\n\t\t\t\t<div class=\"elementor-element elementor-element-2fe4dab2 elementor-widget elementor-widget-heading\" data-id=\"2fe4dab2\" data-element_type=\"widget\" data-widget_type=\"heading.default\">\n\t\t\t\t<div class=\"elementor-widget-container\">\n\t\t\t<h1 class=\"elementor-heading-title elementor-size-default\">Die Social-Media-Agentur, die Sie den ganzen Weg begleitet.<\/h1>\t\t<\/div>\n\t\t\t\t<\/div>\n\t\t\t\t<div class=\"elementor-element elementor-element-365af02e elementor-widget__width-initial elementor-invisible elementor-widget elementor-widget-text-editor\" data-id=\"365af02e\" data-element_type=\"widget\" data-settings=\"{&quot;_animation&quot;:&quot;fadeInDown&quot;}\" data-widget_type=\"text-editor.default\">\n\t\t\t\t<div class=\"elementor-widget-container\">\n\t\t\t\t\t\t\t<p>Am Puls der Zeit - den Impuls setzen.<\/p>\t\t\t\t\t\t<\/div>\n\t\t\t\t<\/div>\n\t\t\t\t<\/div>\n\t\t\t\t<div class=\"elementor-element elementor-element-14da5193 elementor-invisible elementor-widget elementor-widget-heading\" data-id=\"14da5193\" data-element_type=\"widget\" data-settings=\"{&quot;_animation&quot;:&quot;fadeInUp&quot;}\" data-widget_type=\"heading.default\">\n\t\t\t\t<div class=\"elementor-widget-container\">\n\t\t\t<span class=\"elementor-heading-title elementor-size-default\">enpulse.<br>\nmedia<\/span>\t\t<\/div>\n\t\t\t\t<\/div>\n\t\t\t\t<\/div>\n\t\t<div class=\"elementor-element elementor-element-6f9efb58 e-con-full e-flex e-con e-child\" data-id=\"6f9efb58\" data-element_type=\"container\" data-settings=\"{&quot;background_background&quot;:&quot;classic&quot;}\">\n\t\t\t\t<\/div>\n\t\t\t\t<\/div>\n\t\t<div class=\"elementor-element elementor-element-2cb2535d e-con-full e-flex e-con e-parent\" data-id=\"2cb2535d\" data-element_type=\"container\">\n\t\t<div class=\"elementor-element elementor-element-69060af5 e-con-full e-flex e-con e-child\" data-id=\"69060af5\" data-element_type=\"container\" data-settings=\"{&quot;background_background&quot;:&quot;classic&quot;}\">\n\t\t\t\t<\/div>\n\t\t<div class=\"elementor-element elementor-element-5630a2a7 e-con-full e-flex e-con e-child\" data-id=\"5630a2a7\" data-element_type=\"container\">\n\t\t\t\t<div class=\"elementor-element elementor-element-368e45ab elementor-widget elementor-widget-heading\" data-id=\"368e45ab\" data-element_type=\"widget\" data-widget_type=\"heading.default\">\n\t\t\t\t<div class=\"elementor-widget-container\">\n\t\t\t<h2 class=\"elementor-heading-title elementor-size-default\">Storytelling der Moderne<\/h2>\t\t<\/div>\n\t\t\t\t<\/div>\n\t\t\t\t<div class=\"elementor-element elementor-element-44ce72b9 elementor-widget elementor-widget-text-editor\" data-id=\"44ce72b9\" data-element_type=\"widget\" data-widget_type=\"text-editor.default\">\n\t\t\t\t<div class=\"elementor-widget-container\">\n\t\t\t\t\t\t\t<p>Kurz gesagt: Wir sind Geschichtenerz\u00e4hler im digitalen Zeitalter, die Ihr Publikum anziehen und f\u00fcr gezieltes Engagement sorgen.<\/p><p>Als Social-Media-Agentur haben wir uns darauf spezialisiert, dynamische Inhalte zu erstellen, die im Zeitalter der kurzen Aufmerksamkeitsspanne gesehen werden, Gespr\u00e4che anregen und Verbindungen f\u00f6rdern. Von der Entwicklung \u00fcberzeugender Markengeschichten bis hin zur Durchf\u00fchrung gezielter Kampagnen sind wir am Puls von Innovation und Kreativit\u00e4t.<\/p><p>Unsere Leidenschaft ist es, Markensichtbarkeit zu f\u00f6rdern, Ihre einzigartige Stimme zu finden und ihre Geschichten authentisch zu teilen. An den Orten, wohin die heutige Aufmerksamkeit f\u00e4llt.\u00a0<\/p>\t\t\t\t\t\t<\/div>\n\t\t\t\t<\/div>\n\t\t\t\t<\/div>\n\t\t\t\t<\/div>\n\t\t<div class=\"elementor-element elementor-element-3056a2d1 e-con-full e-flex e-con e-parent\" data-id=\"3056a2d1\" data-element_type=\"container\">\n\t\t\t\t<div class=\"elementor-element elementor-element-b7bb9f9 elementor-widget elementor-widget-heading\" data-id=\"b7bb9f9\" data-element_type=\"widget\" data-widget_type=\"heading.default\">\n\t\t\t\t<div class=\"elementor-widget-container\">\n\t\t\t<span class=\"elementor-heading-title elementor-size-default\">unsere Dienstleistungen<\/span>\t\t<\/div>\n\t\t\t\t<\/div>\n\t\t<div class=\"elementor-element elementor-element-5f55e58f e-con-full e-flex e-con e-child\" data-id=\"5f55e58f\" data-element_type=\"container\">\n\t\t\t\t<div class=\"elementor-element elementor-element-5683e3b elementor-widget-tablet__width-initial elementor-widget-mobile__width-inherit elementor-widget elementor-widget-image-box\" data-id=\"5683e3b\" data-element_type=\"widget\" data-widget_type=\"image-box.default\">\n\t\t\t\t<div class=\"elementor-widget-container\">\n\t\t\t<div class=\"elementor-image-box-wrapper\"><div class=\"elementor-image-box-content\"><h3 class=\"elementor-image-box-title\">Strategie &amp; Konzept<\/h3><p class=\"elementor-image-box-description\">Heben Sie Ihre Marke mit individuellen Strategien und innovativen Konzepten hervor.<\/p><\/div><\/div>\t\t<\/div>\n\t\t\t\t<\/div>\n\t\t\t\t<div class=\"elementor-element elementor-element-4edf7c99 elementor-widget-tablet__width-initial elementor-widget-mobile__width-inherit elementor-widget elementor-widget-image-box\" data-id=\"4edf7c99\" data-element_type=\"widget\" data-widget_type=\"image-box.default\">\n\t\t\t\t<div class=\"elementor-widget-container\">\n\t\t\t<div class=\"elementor-image-box-wrapper\"><div class=\"elementor-image-box-content\"><h3 class=\"elementor-image-box-title\">Foto, Video &amp; Content<\/h3><p class=\"elementor-image-box-description\">Ansprechendes Bildmaterial und fesselnde Inhalte, die Ihr Publikum ansprechen werden.<\/p><\/div><\/div>\t\t<\/div>\n\t\t\t\t<\/div>\n\t\t\t\t<div class=\"elementor-element elementor-element-5b8c943 elementor-widget-tablet__width-initial elementor-widget-mobile__width-inherit elementor-widget elementor-widget-image-box\" data-id=\"5b8c943\" data-element_type=\"widget\" data-widget_type=\"image-box.default\">\n\t\t\t\t<div class=\"elementor-widget-container\">\n\t\t\t<div class=\"elementor-image-box-wrapper\"><div class=\"elementor-image-box-content\"><h3 class=\"elementor-image-box-title\">Branding & Design<\/h3><p class=\"elementor-image-box-description\">Schaffen Sie einen bleibenden Eindruck mit einem koh\u00e4renten Markenauftritt und fesselndem Design.<\/p><\/div><\/div>\t\t<\/div>\n\t\t\t\t<\/div>\n\t\t\t\t<div class=\"elementor-element elementor-element-c7b1d28 elementor-widget-tablet__width-initial elementor-widget-mobile__width-inherit elementor-widget elementor-widget-image-box\" data-id=\"c7b1d28\" data-element_type=\"widget\" data-widget_type=\"image-box.default\">\n\t\t\t\t<div class=\"elementor-widget-container\">\n\t\t\t<div class=\"elementor-image-box-wrapper\"><div class=\"elementor-image-box-content\"><h3 class=\"elementor-image-box-title\">Online Werbeschaltungen<\/h3><p class=\"elementor-image-box-description\">Steigern Sie Ihre Reichweite und Ihr Engagement mit gezielten Werbekampagnen auf online Plattformen.<\/p><\/div><\/div>\t\t<\/div>\n\t\t\t\t<\/div>\n\t\t\t\t<\/div>\n\t\t\t\t<\/div>\n\t\t<div class=\"elementor-element elementor-element-6977939f e-con-full e-flex e-con e-parent\" data-id=\"6977939f\" data-element_type=\"container\" data-settings=\"{&quot;background_background&quot;:&quot;classic&quot;}\">\n\t\t<div class=\"elementor-element elementor-element-396fb5b1 e-con-full e-flex e-con e-child\" data-id=\"396fb5b1\" data-element_type=\"container\">\n\t\t\t\t<div class=\"elementor-element elementor-element-7d046dd4 elementor-position-left elementor-vertical-align-middle elementor-widget elementor-widget-image-box\" data-id=\"7d046dd4\" data-element_type=\"widget\" data-widget_type=\"image-box.default\">\n\t\t\t\t<div class=\"elementor-widget-container\">\n\t\t\t<div class=\"elementor-image-box-wrapper\"><figure class=\"elementor-image-box-img\"><img fetchpriority=\"high\" decoding=\"async\" width=\"800\" height=\"800\" src=\"https:\/\/www.enpulse.media\/wp-content\/uploads\/2024\/04\/serg.jpg\" class=\"attachment-full size-full wp-image-152\" alt=\"\" srcset=\"https:\/\/www.enpulse.media\/wp-content\/uploads\/2024\/04\/serg.jpg 800w, https:\/\/www.enpulse.media\/wp-content\/uploads\/2024\/04\/serg-300x300.jpg 300w, https:\/\/www.enpulse.media\/wp-content\/uploads\/2024\/04\/serg-150x150.jpg 150w, https:\/\/www.enpulse.media\/wp-content\/uploads\/2024\/04\/serg-768x768.jpg 768w\" sizes=\"(max-width: 800px) 100vw, 800px\" \/><\/figure><div class=\"elementor-image-box-content\"><p class=\"elementor-image-box-title\">\u201eEs ist immer wieder toll, mit Jona von enpulse.media zusammenzuarbeiten. Wir haben verschiedene Content-Kampagnen gedreht, von Foto- \u00fcber Video- bis hin zu Podcast-Produktionen. Sehr wertvoll f\u00fcr unsere Kund*innen.\u201c<\/p><p class=\"elementor-image-box-description\">Sergio Mechelk, Gr\u00fcnder &amp; CEO @verosnation media<\/p><\/div><\/div>\t\t<\/div>\n\t\t\t\t<\/div>\n\t\t\t\t<div class=\"elementor-element elementor-element-333ec15c elementor-position-left elementor-vertical-align-middle elementor-widget elementor-widget-image-box\" data-id=\"333ec15c\" data-element_type=\"widget\" data-widget_type=\"image-box.default\">\n\t\t\t\t<div class=\"elementor-widget-container\">\n\t\t\t<div class=\"elementor-image-box-wrapper\"><figure class=\"elementor-image-box-img\"><img decoding=\"async\" width=\"800\" height=\"800\" src=\"https:\/\/www.enpulse.media\/wp-content\/uploads\/2024\/04\/1681560629093-e1712236226239.jpg\" class=\"attachment-full size-full wp-image-150\" alt=\"\" srcset=\"https:\/\/www.enpulse.media\/wp-content\/uploads\/2024\/04\/1681560629093-e1712236226239.jpg 800w, https:\/\/www.enpulse.media\/wp-content\/uploads\/2024\/04\/1681560629093-e1712236226239-300x300.jpg 300w, https:\/\/www.enpulse.media\/wp-content\/uploads\/2024\/04\/1681560629093-e1712236226239-150x150.jpg 150w, https:\/\/www.enpulse.media\/wp-content\/uploads\/2024\/04\/1681560629093-e1712236226239-768x768.jpg 768w\" sizes=\"(max-width: 800px) 100vw, 800px\" \/><\/figure><div class=\"elementor-image-box-content\"><p class=\"elementor-image-box-title\">\u201eDas Branding- und Logodesign hat nicht nur die Essenz unseres Clubs eingefangen, sondern auch positive Resonanzen bei unserem Publikum erzeugt. Die entwickelte Social-Media-Strategie hat enpulse.media erfolgreich umgesetzt und somit unsere online Pr\u00e4senz erheblich erh\u00f6ht.\"<\/p><p class=\"elementor-image-box-description\">Lara Gilkarov, Gr\u00fcnderin &amp; CEO @The Social Dining Club<\/p><\/div><\/div>\t\t<\/div>\n\t\t\t\t<\/div>\n\t\t\t\t<\/div>\n\t\t\t\t<div class=\"elementor-element elementor-element-112cc313 elementor-invisible elementor-widget elementor-widget-heading\" data-id=\"112cc313\" data-element_type=\"widget\" data-settings=\"{&quot;_animation&quot;:&quot;fadeInUp&quot;}\" data-widget_type=\"heading.default\">\n\t\t\t\t<div class=\"elementor-widget-container\">\n\t\t\t<span class=\"elementor-heading-title elementor-size-default\">#onthepulse<\/span>\t\t<\/div>\n\t\t\t\t<\/div>\n\t\t\t\t<\/div>\n\t\t\t\t<\/div>","protected":false},"excerpt":{"rendered":"<p>The Social Media Agency That Accompanies You All The Way. On the pulse of time, giving you the right impulse. enpulse. media Storytelling In Modern Times At our core, we are storytellers in the digital age, weaving narratives that captivate audiences and drive meaningful engagement. As a social media agency, we specialize in curating dynamic [&hellip;]<\/p>","protected":false},"author":1,"featured_media":0,"parent":0,"menu_order":0,"comment_status":"closed","ping_status":"closed","template":"elementor_header_footer","meta":{"footnotes":""},"class_list":["post-41","page","type-page","status-publish","hentry"],"yoast_head":"<!-- This site is optimized with the Yoast SEO plugin v23.9 - https:\/\/yoast.com\/wordpress\/plugins\/seo\/ -->\n<title>About Us - enpulse.media I Social Media &amp; Marketing Agency<\/title>\n<meta name=\"robots\" content=\"index, follow, max-snippet:-1, max-image-preview:large, max-video-preview:-1\" \/>\n<link rel=\"canonical\" href=\"https:\/\/www.enpulse.media\/de\/about-us\/\" \/>\n<meta property=\"og:locale\" content=\"de_DE\" \/>\n<meta property=\"og:type\" content=\"article\" \/>\n<meta property=\"og:title\" content=\"About Us - enpulse.media I Social Media &amp; Marketing Agency\" \/>\n<meta property=\"og:description\" content=\"The Social Media Agency That Accompanies You All The Way. On the pulse of time, giving you the right impulse. enpulse. media Storytelling In Modern Times At our core, we are storytellers in the digital age, weaving narratives that captivate audiences and drive meaningful engagement. As a social media agency, we specialize in curating dynamic [&hellip;]\" \/>\n<meta property=\"og:url\" content=\"https:\/\/www.enpulse.media\/de\/about-us\/\" \/>\n<meta property=\"og:site_name\" content=\"enpulse.media I Social Media &amp; Marketing Agency\" \/>\n<meta property=\"article:modified_time\" content=\"2024-04-10T10:59:39+00:00\" \/>\n<meta property=\"og:image\" content=\"http:\/\/www.enpulse.media\/wp-content\/uploads\/2024\/04\/serg.jpg\" \/>\n<meta name=\"twitter:card\" content=\"summary_large_image\" \/>\n<meta name=\"twitter:label1\" content=\"Gesch\u00e4tzte Lesezeit\" \/>\n\t<meta name=\"twitter:data1\" content=\"1 Minute\" \/>\n<script type=\"application\/ld+json\" class=\"yoast-schema-graph\">{\"@context\":\"https:\/\/schema.org\",\"@graph\":[{\"@type\":\"WebPage\",\"@id\":\"https:\/\/www.enpulse.media\/about-us\/\",\"url\":\"https:\/\/www.enpulse.media\/about-us\/\",\"name\":\"About Us - enpulse.media I Social Media &amp; Marketing Agency\",\"isPartOf\":{\"@id\":\"https:\/\/www.enpulse.media\/#website\"},\"primaryImageOfPage\":{\"@id\":\"https:\/\/www.enpulse.media\/about-us\/#primaryimage\"},\"image\":{\"@id\":\"https:\/\/www.enpulse.media\/about-us\/#primaryimage\"},\"thumbnailUrl\":\"http:\/\/www.enpulse.media\/wp-content\/uploads\/2024\/04\/serg.jpg\",\"datePublished\":\"2024-03-27T12:09:07+00:00\",\"dateModified\":\"2024-04-10T10:59:39+00:00\",\"breadcrumb\":{\"@id\":\"https:\/\/www.enpulse.media\/about-us\/#breadcrumb\"},\"inLanguage\":\"de-AT\",\"potentialAction\":[{\"@type\":\"ReadAction\",\"target\":[\"https:\/\/www.enpulse.media\/about-us\/\"]}]},{\"@type\":\"ImageObject\",\"inLanguage\":\"de-AT\",\"@id\":\"https:\/\/www.enpulse.media\/about-us\/#primaryimage\",\"url\":\"http:\/\/www.enpulse.media\/wp-content\/uploads\/2024\/04\/serg.jpg\",\"contentUrl\":\"http:\/\/www.enpulse.media\/wp-content\/uploads\/2024\/04\/serg.jpg\"},{\"@type\":\"BreadcrumbList\",\"@id\":\"https:\/\/www.enpulse.media\/about-us\/#breadcrumb\",\"itemListElement\":[{\"@type\":\"ListItem\",\"position\":1,\"name\":\"Home\",\"item\":\"https:\/\/www.enpulse.media\/\"},{\"@type\":\"ListItem\",\"position\":2,\"name\":\"About Us\"}]},{\"@type\":\"WebSite\",\"@id\":\"https:\/\/www.enpulse.media\/#website\",\"url\":\"https:\/\/www.enpulse.media\/\",\"name\":\"enpulse.media I Social Media & Marketing Agency\",\"description\":\"On the pulse of time.\",\"publisher\":{\"@id\":\"https:\/\/www.enpulse.media\/#organization\"},\"potentialAction\":[{\"@type\":\"SearchAction\",\"target\":{\"@type\":\"EntryPoint\",\"urlTemplate\":\"https:\/\/www.enpulse.media\/?s={search_term_string}\"},\"query-input\":{\"@type\":\"PropertyValueSpecification\",\"valueRequired\":true,\"valueName\":\"search_term_string\"}}],\"inLanguage\":\"de-AT\"},{\"@type\":\"Organization\",\"@id\":\"https:\/\/www.enpulse.media\/#organization\",\"name\":\"enpulse.media I Social Media & Marketing Agency\",\"url\":\"https:\/\/www.enpulse.media\/\",\"logo\":{\"@type\":\"ImageObject\",\"inLanguage\":\"de-AT\",\"@id\":\"https:\/\/www.enpulse.media\/#\/schema\/logo\/image\/\",\"url\":\"https:\/\/www.enpulse.media\/wp-content\/uploads\/2024\/03\/enpulse-1.png\",\"contentUrl\":\"https:\/\/www.enpulse.media\/wp-content\/uploads\/2024\/03\/enpulse-1.png\",\"width\":500,\"height\":500,\"caption\":\"enpulse.media I Social Media & Marketing Agency\"},\"image\":{\"@id\":\"https:\/\/www.enpulse.media\/#\/schema\/logo\/image\/\"},\"sameAs\":[\"https:\/\/www.instagram.com\/enpulse.media\/\"]}]}<\/script>\n<!-- \/ Yoast SEO plugin. -->","yoast_head_json":{"title":"About Us - enpulse.media I Social Media &amp; Marketing Agency","robots":{"index":"index","follow":"follow","max-snippet":"max-snippet:-1","max-image-preview":"max-image-preview:large","max-video-preview":"max-video-preview:-1"},"canonical":"https:\/\/www.enpulse.media\/de\/about-us\/","og_locale":"de_DE","og_type":"article","og_title":"About Us - enpulse.media I Social Media &amp; Marketing Agency","og_description":"The Social Media Agency That Accompanies You All The Way. On the pulse of time, giving you the right impulse. enpulse. media Storytelling In Modern Times At our core, we are storytellers in the digital age, weaving narratives that captivate audiences and drive meaningful engagement. As a social media agency, we specialize in curating dynamic [&hellip;]","og_url":"https:\/\/www.enpulse.media\/de\/about-us\/","og_site_name":"enpulse.media I Social Media &amp; Marketing Agency","article_modified_time":"2024-04-10T10:59:39+00:00","og_image":[{"url":"http:\/\/www.enpulse.media\/wp-content\/uploads\/2024\/04\/serg.jpg"}],"twitter_card":"summary_large_image","twitter_misc":{"Gesch\u00e4tzte Lesezeit":"1 Minute"},"schema":{"@context":"https:\/\/schema.org","@graph":[{"@type":"WebPage","@id":"https:\/\/www.enpulse.media\/about-us\/","url":"https:\/\/www.enpulse.media\/about-us\/","name":"About Us - enpulse.media I Social Media &amp; Marketing Agency","isPartOf":{"@id":"https:\/\/www.enpulse.media\/#website"},"primaryImageOfPage":{"@id":"https:\/\/www.enpulse.media\/about-us\/#primaryimage"},"image":{"@id":"https:\/\/www.enpulse.media\/about-us\/#primaryimage"},"thumbnailUrl":"http:\/\/www.enpulse.media\/wp-content\/uploads\/2024\/04\/serg.jpg","datePublished":"2024-03-27T12:09:07+00:00","dateModified":"2024-04-10T10:59:39+00:00","breadcrumb":{"@id":"https:\/\/www.enpulse.media\/about-us\/#breadcrumb"},"inLanguage":"de-AT","potentialAction":[{"@type":"ReadAction","target":["https:\/\/www.enpulse.media\/about-us\/"]}]},{"@type":"ImageObject","inLanguage":"de-AT","@id":"https:\/\/www.enpulse.media\/about-us\/#primaryimage","url":"http:\/\/www.enpulse.media\/wp-content\/uploads\/2024\/04\/serg.jpg","contentUrl":"http:\/\/www.enpulse.media\/wp-content\/uploads\/2024\/04\/serg.jpg"},{"@type":"BreadcrumbList","@id":"https:\/\/www.enpulse.media\/about-us\/#breadcrumb","itemListElement":[{"@type":"ListItem","position":1,"name":"Home","item":"https:\/\/www.enpulse.media\/"},{"@type":"ListItem","position":2,"name":"About Us"}]},{"@type":"WebSite","@id":"https:\/\/www.enpulse.media\/#website","url":"https:\/\/www.enpulse.media\/","name":"enpulse.media I Social Media & Marketing Agency","description":"On the pulse of time.","publisher":{"@id":"https:\/\/www.enpulse.media\/#organization"},"potentialAction":[{"@type":"SearchAction","target":{"@type":"EntryPoint","urlTemplate":"https:\/\/www.enpulse.media\/?s={search_term_string}"},"query-input":{"@type":"PropertyValueSpecification","valueRequired":true,"valueName":"search_term_string"}}],"inLanguage":"de-AT"},{"@type":"Organization","@id":"https:\/\/www.enpulse.media\/#organization","name":"enpulse.media I Social Media & Marketing Agency","url":"https:\/\/www.enpulse.media\/","logo":{"@type":"ImageObject","inLanguage":"de-AT","@id":"https:\/\/www.enpulse.media\/#\/schema\/logo\/image\/","url":"https:\/\/www.enpulse.media\/wp-content\/uploads\/2024\/03\/enpulse-1.png","contentUrl":"https:\/\/www.enpulse.media\/wp-content\/uploads\/2024\/03\/enpulse-1.png","width":500,"height":500,"caption":"enpulse.media I Social Media & Marketing Agency"},"image":{"@id":"https:\/\/www.enpulse.media\/#\/schema\/logo\/image\/"},"sameAs":["https:\/\/www.instagram.com\/enpulse.media\/"]}]}},"_links":{"self":[{"href":"https:\/\/www.enpulse.media\/de\/wp-json\/wp\/v2\/pages\/41","targetHints":{"allow":["GET"]}}],"collection":[{"href":"https:\/\/www.enpulse.media\/de\/wp-json\/wp\/v2\/pages"}],"about":[{"href":"https:\/\/www.enpulse.media\/de\/wp-json\/wp\/v2\/types\/page"}],"author":[{"embeddable":true,"href":"https:\/\/www.enpulse.media\/de\/wp-json\/wp\/v2\/users\/1"}],"replies":[{"embeddable":true,"href":"https:\/\/www.enpulse.media\/de\/wp-json\/wp\/v2\/comments?post=41"}],"version-history":[{"count":19,"href":"https:\/\/www.enpulse.media\/de\/wp-json\/wp\/v2\/pages\/41\/revisions"}],"predecessor-version":[{"id":200,"href":"https:\/\/www.enpulse.media\/de\/wp-json\/wp\/v2\/pages\/41\/revisions\/200"}],"wp:attachment":[{"href":"https:\/\/www.enpulse.media\/de\/wp-json\/wp\/v2\/media?parent=41"}],"curies":[{"name":"wp","href":"https:\/\/api.w.org\/{rel}","templated":true}]}}